{"id":844,"date":"2012-10-18T10:00:41","date_gmt":"2012-10-18T08:00:41","guid":{"rendered":"http:\/\/www.maxxkredit.de\/kreditblog\/?page_id=844"},"modified":"2021-02-03T15:46:05","modified_gmt":"2021-02-03T13:46:05","slug":"artikel-veroeffentlichen","status":"publish","type":"page","link":"https:\/\/www.maxxkredit.de\/kreditblog\/artikel-veroeffentlichen\/","title":{"rendered":"Artikel ver\u00f6ffentlichen"},"content":{"rendered":"<p>Sie haben einen interessanten Artikel aus dem Bereich Kredit, Geld oder Finanzen und m\u00f6chten diesen gern hier ver\u00f6ffentlichen? Wir geben Ihnen die M\u00f6glichkeit dazu. Schreiben Sie uns eine Email und wir werden Ihren Artikel ver\u00f6ffentlichen.<br \/>\n<br \/>Finanzservice Meye \/ Maxxkredit GmbH<br \/>Wilhelm-Feuerherdt-Stra\u00dfe 13<br \/>06844 Dessau-Ro\u00dflau<br \/>Email: mb[at]maxxkredit.de<br \/>\n<br \/><strong>Urheberrecht<\/strong><br \/>Die Inhalte dieser Webseite sind urheberrechtlich gesch\u00fctzt. Alle Rechte, auch die der \u00dcbersetzung, des Nachdrucks und der Vervielf\u00e4ltigung, sind vorbehalten. Der Inhalt dieser Seite darf ohne schriftliche Genehmigung in keiner Form reproduziert oder unter Verwendung elektronischer Systeme verarbeitet, vervielf\u00e4ltigt oder verbreitet werden &#8211; ausgenommen zur pers\u00f6nlichen Nutzung zum Zweck der Information.<br \/>\n<br \/><strong>Verweise und Links<\/strong><br \/>Bei direkten oder indirekten Verweisen auf fremde Partnerseiten, die au\u00dferhalb des Verantwortungsbereiches des Anbieters liegen, w\u00fcrde eine Haftungsverpflichtung ausschlie\u00dflich in dem Fall in Kraft treten, indem der Anbieter von den Inhalten Kenntnis hat und es ihm technisch m\u00f6glich und zumutbar w\u00e4re, die Nutzung rechtswidriger Inhalte zu verhindern. Der Anbieter erkl\u00e4rt hiermit ausdr\u00fccklich, dass zum Zeitpunkt der Linksetzung keine illegalen Inhalte auf den zu verlinkenden Seiten erkennbar waren. Auf die aktuelle und zuk\u00fcnftige Gestaltung sowie die Inhalte oder die Urheberschaft der verkn\u00fcpften Seiten hat der Anbieter keinerlei Einfluss. Deshalb distanziert er sich hiermit ausdr\u00fccklich von allen Inhalten der verkn\u00fcpften Seiten, die nach Erstellung des Links ver\u00e4ndert wurden.<br \/>\n<br \/><strong>Datenschutz<\/strong><br \/>Informationen zum Datenschutz finden Sie <a href=\"https:\/\/www.maxxkredit.de\/datenschutz.shtml\">hier<\/a>:<\/p>\n","protected":false},"excerpt":{"rendered":"<p>Sie haben einen interessanten Artikel aus dem Bereich Kredit, Geld oder Finanzen und m\u00f6chten diesen gern hier ver\u00f6ffentlichen? Wir geben Ihnen die M\u00f6glichkeit dazu. Schreiben Sie uns eine Email und wir werden Ihren Artikel ver\u00f6ffentlichen. Finanzservice Meye \/ Maxxkredit GmbHWilhelm-Feuerherdt-Stra\u00dfe 1306844 Dessau-Ro\u00dflauEmail: mb[at]maxxkredit.de UrheberrechtDie Inhalte dieser Webseite sind urheberrechtlich gesch\u00fctzt. Alle Rechte, auch die der [&hellip;]<\/p>\n","protected":false},"author":25,"featured_media":0,"parent":0,"menu_order":2,"comment_status":"closed","ping_status":"closed","template":"","meta":{"footnotes":""},"class_list":["post-844","page","type-page","status-publish","hentry"],"aioseo_notices":[],"_links":{"self":[{"href":"https:\/\/www.maxxkredit.de\/kreditblog\/wp-json\/wp\/v2\/pages\/844","targetHints":{"allow":["GET"]}}],"collection":[{"href":"https:\/\/www.maxxkredit.de\/kreditblog\/wp-json\/wp\/v2\/pages"}],"about":[{"href":"https:\/\/www.maxxkredit.de\/kreditblog\/wp-json\/wp\/v2\/types\/page"}],"author":[{"embeddable":true,"href":"https:\/\/www.maxxkredit.de\/kreditblog\/wp-json\/wp\/v2\/users\/25"}],"replies":[{"embeddable":true,"href":"https:\/\/www.maxxkredit.de\/kreditblog\/wp-json\/wp\/v2\/comments?post=844"}],"version-history":[{"count":0,"href":"https:\/\/www.maxxkredit.de\/kreditblog\/wp-json\/wp\/v2\/pages\/844\/revisions"}],"wp:attachment":[{"href":"https:\/\/www.maxxkredit.de\/kreditblog\/wp-json\/wp\/v2\/media?parent=844"}],"curies":[{"name":"wp","href":"https:\/\/api.w.org\/{rel}","templated":true}]}}