{"id":277,"date":"2013-07-30T10:00:53","date_gmt":"2013-07-30T08:00:53","guid":{"rendered":"http:\/\/www.maxxkredit.de\/kreditblog\/?page_id=277"},"modified":"2013-07-31T16:02:07","modified_gmt":"2013-07-31T14:02:07","slug":"maxxkredit","status":"publish","type":"page","link":"https:\/\/www.maxxkredit.de\/kreditblog\/maxxkredit\/","title":{"rendered":"Maxxkredit"},"content":{"rendered":"<h2>Wer verbirgt sich hinter der Firma Maxxkredit?<\/h2>\n<p>Maxxkredit ist eine unabh\u00e4ngige Kreditvermittlungsfirma. Wir entstanden im Jahr 2004 aus dem ehemaligen Finanzservice in Dessau. Derzeit sind\u00a0in unserem Unternehmen 10 Mitarbeiter besch\u00e4ftigt, welche einerseits in unserer Hauptfiliale in Dessau als auch in einigen Au\u00dfenstellen arbeiten. Unser Hauptaugenmerk liegt\u00a0in der schnellen und unkomplizierten Vergabe von Ratenkrediten und Baufinanzierungen.<\/p>\n<h2>Was bedeutet bei Ihnen schnell?<\/h2>\n<p>In der Regel erh\u00e4lt der Kunde,\u00a0der bei uns einen Ratenkredit beantragt, innerhalb von 24 Stunden eine kompetente Aussage, ob eine Kreditvergabe \u00fcberhaupt m\u00f6glich ist. Bei Baufinanzierungen dauert es selbstverst\u00e4ndlich etwas l\u00e4nger.<\/p>\n<h2>Wie geht es dann mit der Bearbeitung weiter?<\/h2>\n<p>Bei\u00a0etwa 50 Prozent der bei uns eingehenden Kreditanfragen m\u00fcssen wir unseren Kunden leider absagen. Das hat verschiedene Gr\u00fcnde, oft sind es unzureichende Einkommensverh\u00e4ltnisse oder aber schwerwiegende negative Schufaeintr\u00e4ge oder einfach zu viele schon vorhandene Kredite. Auch in diesen F\u00e4llen bekommt der Kunde von uns selbstverst\u00e4ndlich eine Antwort auf seine Anfrage, auch wenn sie ihm nat\u00fcrlich nicht gef\u00e4llt. Die zu finanzierenden Kunden erhalten von unseren Partnerbanken \u00fcber uns ein konkretes Kreditangebot und ebenfalls eine Auflistung der ben\u00f6tigten Unterlagen wie zum Beispiel Gehalts- oder Lohnnachweise. Sind alle Unterlagen in Ordnung geht es mit der Kreditvergabe relativ schnell.<\/p>\n<h2>Welche Kosten entstehen dabei Ihren Kunden?<\/h2>\n<p>Prinzipiell ist die Anfrage und Bearbeitung kostenlos. Bei einer abgeschlossenen Finanzierung erhalten wir eine Provision, welche im Regelfall durch die Bank mitfinanziert wird und in der monatlichen Rate enthalten ist. Unsere Kunden erwartet also keine negative \u00dcberraschung, etwa das ihnen noch eine Rechnung ins Haus flattert.<\/p>\n<h2>Was unterscheidet Maxxkredit von anderen Kreditvermittlerfirmen?<\/h2>\n<p>Wir machen unseren Kunden nichts vor. Auch wenn es dem einen oder anderen wehtut, wenn er nicht finanzierbar ist, dann geht es wirklich nicht. Unsere anfragenden Kunden erhalten keine bunten Prospekte oder Formulare, welche sie nur ausf\u00fcllen m\u00fcssen und schon wird der Kredit gew\u00e4hrt. Sie k\u00f6nnen sich nicht vorstellen, was uns unsere Kunden teilweise f\u00fcr Unterlagen anderer Kreditvermittler \u00fcbersenden. Auch gro\u00dfe, scheinbar seri\u00f6se Firmen scheuen nicht davor zur\u00fcck, den Kunden Produkte aller Art aufschwatzen zu wollen. Antr\u00e4ge von Haftpflicht-, Hausrat- oder Unfallversicherungen, Antr\u00e4ge f\u00fcr verm\u00f6genswirksame Leistungen oder dubiose Beteiligungen sind da der Regelfall. Dem Kunden wird durch ein Anschreiben suggeriert, da\u00df seine Kreditanfrage eigentlich schon genehmigt ist, wenn er denn alle Antr\u00e4ge unterschreibt. Viele Kunden sehen das als letzten Ausweg und haben zum Schlu\u00df nur Vertr\u00e4ge, welche sie nicht brauchen, aber keinen Kredit. Meistens werden sie auch noch solange hingehalten, bis die Widerrufsfristen der Versicherungen abgelaufen sind.<\/p>\n<h2>Ein anderes Thema: Die sogenannten &#8222;schufafreien Kredite&#8220; oder auch &#8222;Schweizer Kredite&#8220; &#8211; Was hat es damit auf sich?<\/h2>\n<p>Diese Kredite gibt es wirklich. Es ist aber ein Trugschluss, nur weil diese Kredite schufafrei sind, da\u00df hier jeder einen Kredit bekommt. Prinzipiell sind diese Kredite nur f\u00fcr Arbeitnehmer, Angestellte oder Beamte gedacht, welche auch noch gewisse Einkommens- und Alterskriterien erf\u00fcllen m\u00fcssen. Auch schufafreie Kredite werden nicht an Arbeitslose, Hausfrauen, Studenten oder Rentner vergeben. Wer den Kunden etwas anderes verspricht, der sagt nicht die Wahrheit. Konkretere Informationen \u00fcber schufafreie Kredite k\u00f6nnen Sie in unserem Kreditblog nachlesen.<\/p>\n<h2>Was m\u00f6chten Sie Ihren jetzigen oder zuk\u00fcnftigen Kunden ans Herz legen?<\/h2>\n<p>Lassen Sie sich nicht blenden. \u00dcberpr\u00fcfen Sie vor jeder Kreditanfrage, wer sich hinter dem Anbieter verbirgt. Es gibt heute gen\u00fcgend Blogs und Foren, in denen ausf\u00fchrliche, praxisbezogene Berichte anderer Kreditsuchender niedergeschrieben sind. Sie k\u00f6nnen uns auch gerne pers\u00f6nlich \u00fcber unsere Hotline anrufen und einfach nur eine Frage stellen. Sie werden in jedem Fall eine kompetente Antwort erhalten und sind dann sicherlich schon vor Ihrer ersten Anfrage schlauer.<\/p>\n","protected":false},"excerpt":{"rendered":"<p>Wer verbirgt sich hinter der Firma Maxxkredit? Maxxkredit ist eine unabh\u00e4ngige Kreditvermittlungsfirma. Wir entstanden im Jahr 2004 aus dem ehemaligen Finanzservice in Dessau. Derzeit sind\u00a0in unserem Unternehmen 10 Mitarbeiter besch\u00e4ftigt, welche einerseits in unserer Hauptfiliale in Dessau als auch in einigen Au\u00dfenstellen arbeiten. Unser Hauptaugenmerk liegt\u00a0in der schnellen und unkomplizierten Vergabe von Ratenkrediten und Baufinanzierungen. [&hellip;]<\/p>\n","protected":false},"author":25,"featured_media":0,"parent":0,"menu_order":1,"comment_status":"closed","ping_status":"closed","template":"","meta":{"footnotes":""},"class_list":["post-277","page","type-page","status-publish","hentry"],"aioseo_notices":[],"_links":{"self":[{"href":"https:\/\/www.maxxkredit.de\/kreditblog\/wp-json\/wp\/v2\/pages\/277","targetHints":{"allow":["GET"]}}],"collection":[{"href":"https:\/\/www.maxxkredit.de\/kreditblog\/wp-json\/wp\/v2\/pages"}],"about":[{"href":"https:\/\/www.maxxkredit.de\/kreditblog\/wp-json\/wp\/v2\/types\/page"}],"author":[{"embeddable":true,"href":"https:\/\/www.maxxkredit.de\/kreditblog\/wp-json\/wp\/v2\/users\/25"}],"replies":[{"embeddable":true,"href":"https:\/\/www.maxxkredit.de\/kreditblog\/wp-json\/wp\/v2\/comments?post=277"}],"version-history":[{"count":0,"href":"https:\/\/www.maxxkredit.de\/kreditblog\/wp-json\/wp\/v2\/pages\/277\/revisions"}],"wp:attachment":[{"href":"https:\/\/www.maxxkredit.de\/kreditblog\/wp-json\/wp\/v2\/media?parent=277"}],"curies":[{"name":"wp","href":"https:\/\/api.w.org\/{rel}","templated":true}]}}